{"id":18375,"date":"2024-10-21T22:01:55","date_gmt":"2024-10-21T22:01:55","guid":{"rendered":"https:\/\/peruvianusadistribution.com\/?post_type=product&#038;p=18375"},"modified":"2025-01-29T19:00:36","modified_gmt":"2025-01-29T19:00:36","slug":"turron-de-dona-pepa-caja-500-gr-san-jose","status":"publish","type":"product","link":"https:\/\/peruvianusadistribution.com\/en\/producto\/turron-de-dona-pepa-caja-500-gr-san-jose\/","title":{"rendered":"Turr\u00f3n de Do\u00f1a Pepa &#8211; Caja 500 gr (San Jos\u00e9)"},"content":{"rendered":"","protected":false},"excerpt":{"rendered":"","protected":false},"featured_media":19564,"template":"","meta":[],"product_brand":[],"product_cat":[2834,3155],"product_tag":[3128,3137,3156],"berocket_brand":[2888],"class_list":{"0":"post-18375","1":"product","2":"type-product","3":"status-publish","4":"has-post-thumbnail","6":"product_cat-panaderia-pasteleria","7":"product_cat-panaderia-pasteleria-turron","8":"product_tag-caja","9":"product_tag-dona-pepa","10":"product_tag-turron","11":"berocket_brand-san-jose","13":"first","14":"onbackorder","15":"product-type-simple"},"_links":{"self":[{"href":"https:\/\/peruvianusadistribution.com\/en\/wp-json\/wp\/v2\/product\/18375","targetHints":{"allow":["GET"]}}],"collection":[{"href":"https:\/\/peruvianusadistribution.com\/en\/wp-json\/wp\/v2\/product"}],"about":[{"href":"https:\/\/peruvianusadistribution.com\/en\/wp-json\/wp\/v2\/types\/product"}],"wp:featuredmedia":[{"embeddable":true,"href":"https:\/\/peruvianusadistribution.com\/en\/wp-json\/wp\/v2\/media\/19564"}],"wp:attachment":[{"href":"https:\/\/peruvianusadistribution.com\/en\/wp-json\/wp\/v2\/media?parent=18375"}],"wp:term":[{"taxonomy":"product_brand","embeddable":true,"href":"https:\/\/peruvianusadistribution.com\/en\/wp-json\/wp\/v2\/product_brand?post=18375"},{"taxonomy":"product_cat","embeddable":true,"href":"https:\/\/peruvianusadistribution.com\/en\/wp-json\/wp\/v2\/product_cat?post=18375"},{"taxonomy":"product_tag","embeddable":true,"href":"https:\/\/peruvianusadistribution.com\/en\/wp-json\/wp\/v2\/product_tag?post=18375"},{"taxonomy":"berocket_brand","embeddable":true,"href":"https:\/\/peruvianusadistribution.com\/en\/wp-json\/wp\/v2\/berocket_brand?post=18375"}],"curies":[{"name":"wp","href":"https:\/\/api.w.org\/{rel}","templated":true}]}}