{"id":18334,"date":"2024-10-21T22:01:39","date_gmt":"2024-10-21T22:01:39","guid":{"rendered":"https:\/\/peruvianusadistribution.com\/?post_type=product&#038;p=18334"},"modified":"2025-01-28T20:42:22","modified_gmt":"2025-01-28T20:42:22","slug":"galleta-picaras-bolsa-40-gr-x-6-x-30-compania-nacional-de-chocolates","status":"publish","type":"product","link":"https:\/\/peruvianusadistribution.com\/en\/producto\/galleta-picaras-bolsa-40-gr-x-6-x-30-compania-nacional-de-chocolates\/","title":{"rendered":"Galleta P\u00edcaras &#8211; Bolsa 40 gr x 6 x 30 (Compa\u00f1\u00eda Nacional de Chocolates)"},"content":{"rendered":"","protected":false},"excerpt":{"rendered":"","protected":false},"featured_media":19688,"template":"","meta":[],"product_brand":[],"product_cat":[3073,2866],"product_tag":[2952,3074,3116],"berocket_brand":[2904],"class_list":{"0":"post-18334","1":"product","2":"type-product","3":"status-publish","4":"has-post-thumbnail","6":"product_cat-golosinas-piqueos-galleta","7":"product_cat-golosinas-piqueos","8":"product_tag-bolsa","9":"product_tag-galleta","10":"product_tag-picaras","11":"berocket_brand-cnch","13":"first","14":"instock","15":"product-type-simple"},"_links":{"self":[{"href":"https:\/\/peruvianusadistribution.com\/en\/wp-json\/wp\/v2\/product\/18334","targetHints":{"allow":["GET"]}}],"collection":[{"href":"https:\/\/peruvianusadistribution.com\/en\/wp-json\/wp\/v2\/product"}],"about":[{"href":"https:\/\/peruvianusadistribution.com\/en\/wp-json\/wp\/v2\/types\/product"}],"wp:featuredmedia":[{"embeddable":true,"href":"https:\/\/peruvianusadistribution.com\/en\/wp-json\/wp\/v2\/media\/19688"}],"wp:attachment":[{"href":"https:\/\/peruvianusadistribution.com\/en\/wp-json\/wp\/v2\/media?parent=18334"}],"wp:term":[{"taxonomy":"product_brand","embeddable":true,"href":"https:\/\/peruvianusadistribution.com\/en\/wp-json\/wp\/v2\/product_brand?post=18334"},{"taxonomy":"product_cat","embeddable":true,"href":"https:\/\/peruvianusadistribution.com\/en\/wp-json\/wp\/v2\/product_cat?post=18334"},{"taxonomy":"product_tag","embeddable":true,"href":"https:\/\/peruvianusadistribution.com\/en\/wp-json\/wp\/v2\/product_tag?post=18334"},{"taxonomy":"berocket_brand","embeddable":true,"href":"https:\/\/peruvianusadistribution.com\/en\/wp-json\/wp\/v2\/berocket_brand?post=18334"}],"curies":[{"name":"wp","href":"https:\/\/api.w.org\/{rel}","templated":true}]}}