{"id":18194,"date":"2024-10-21T22:00:37","date_gmt":"2024-10-21T22:00:37","guid":{"rendered":"https:\/\/peruvianusadistribution.com\/?post_type=product&#038;p=18194"},"modified":"2025-01-30T14:15:27","modified_gmt":"2025-01-30T14:15:27","slug":"cafe-kirma-instantaneo-lata-190-gr-x-12-nestle","status":"publish","type":"product","link":"https:\/\/peruvianusadistribution.com\/en\/producto\/cafe-kirma-instantaneo-lata-190-gr-x-12-nestle\/","title":{"rendered":"Caf\u00e9 Kirma (Instant\u00e1neo) &#8211; Lata 190 gr x 12 (Nestl\u00e9)"},"content":{"rendered":"","protected":false},"excerpt":{"rendered":"","protected":false},"featured_media":19517,"template":"","meta":[],"product_brand":[],"product_cat":[2867,2976],"product_tag":[2977,2979,2978,2980],"berocket_brand":[2893],"class_list":{"0":"post-18194","1":"product","2":"type-product","3":"status-publish","4":"has-post-thumbnail","6":"product_cat-bebidas-refrescos","7":"product_cat-bebidas-refrescos-cafe","8":"product_tag-cafe","9":"product_tag-instantaneo","10":"product_tag-kirma","11":"product_tag-lata","12":"berocket_brand-nestle","14":"first","15":"onbackorder","16":"product-type-simple"},"_links":{"self":[{"href":"https:\/\/peruvianusadistribution.com\/en\/wp-json\/wp\/v2\/product\/18194","targetHints":{"allow":["GET"]}}],"collection":[{"href":"https:\/\/peruvianusadistribution.com\/en\/wp-json\/wp\/v2\/product"}],"about":[{"href":"https:\/\/peruvianusadistribution.com\/en\/wp-json\/wp\/v2\/types\/product"}],"wp:featuredmedia":[{"embeddable":true,"href":"https:\/\/peruvianusadistribution.com\/en\/wp-json\/wp\/v2\/media\/19517"}],"wp:attachment":[{"href":"https:\/\/peruvianusadistribution.com\/en\/wp-json\/wp\/v2\/media?parent=18194"}],"wp:term":[{"taxonomy":"product_brand","embeddable":true,"href":"https:\/\/peruvianusadistribution.com\/en\/wp-json\/wp\/v2\/product_brand?post=18194"},{"taxonomy":"product_cat","embeddable":true,"href":"https:\/\/peruvianusadistribution.com\/en\/wp-json\/wp\/v2\/product_cat?post=18194"},{"taxonomy":"product_tag","embeddable":true,"href":"https:\/\/peruvianusadistribution.com\/en\/wp-json\/wp\/v2\/product_tag?post=18194"},{"taxonomy":"berocket_brand","embeddable":true,"href":"https:\/\/peruvianusadistribution.com\/en\/wp-json\/wp\/v2\/berocket_brand?post=18194"}],"curies":[{"name":"wp","href":"https:\/\/api.w.org\/{rel}","templated":true}]}}