{"id":18047,"date":"2019-08-12T12:40:15","date_gmt":"2019-08-12T12:40:15","guid":{"rendered":"http:\/\/peruvianusadistribution.com\/about-2\/"},"modified":"2025-01-28T17:07:00","modified_gmt":"2025-01-28T17:07:00","slug":"nosotros","status":"publish","type":"page","link":"https:\/\/peruvianusadistribution.com\/en\/nosotros\/","title":{"rendered":"Nosotros"},"content":{"rendered":"<div class=\"wpb-content-wrapper\"><p>[vc_row full_width=&#8221;stretch_row&#8221; css=&#8221;.vc_custom_1624871681598{margin-bottom: 0px !important;padding-top: 150px !important;padding-bottom: 140px !important;background-image: url(http:\/\/peruvianusadistribution.com\/wp-content\/uploads\/2021\/06\/Angro-about.jpg?id=8192) !important;background-position: center !important;background-repeat: no-repeat !important;background-size: cover !important;}&#8221; el_class=&#8221;slider_about&#8221;][vc_column][vc_empty_space height=&#8221;30px&#8221;][vc_row_inner][vc_column_inner width=&#8221;1\/6&#8243;][\/vc_column_inner][vc_column_inner el_class=&#8221;bg-button&#8221; width=&#8221;2\/3&#8243;][vc_column_text css=&#8221;&#8221;]<\/p>\n<p style=\"text-align: center; font-weight: 600; font-size: 60px; line-height: 67px; color: #fff;\">Peruvian USA Distribution<\/p>\n<p>[\/vc_column_text][vc_empty_space height=&#8221;20px&#8221;][vc_column_text css=&#8221;&#8221;]<\/p>\n<p style=\"text-align: center; color: #fff; font-size: 17px; line-height: 29px; text-transform: uppercase; font-weight: 600; letter-spacing: 1px;\">Sabor, tradici\u00f3n y manos peruanas llevando lo mejor del Per\u00fa a nuestros clientes.<\/p>\n<p>[\/vc_column_text][\/vc_column_inner][vc_column_inner width=&#8221;1\/6&#8243;][\/vc_column_inner][\/vc_row_inner][\/vc_column][\/vc_row][vc_row css=&#8221;.vc_custom_1625642082469{margin-top: 50px !important;margin-bottom: 45px !important;}&#8221;][vc_column width=&#8221;1\/2&#8243;][vc_empty_space height=&#8221;35px&#8221;][vc_column_text css=&#8221;&#8221;]<\/p>\n<p style=\"text-align: left; color: #151515; font-weight: 600; font-size: 35px; line-height: 41px;\">Acerca de nosotros<\/p>\n<p>[\/vc_column_text][vc_empty_space height=&#8221;30px&#8221;][vc_column_text css=&#8221;&#8221;]<strong>Peruvian USA Distribution LLC<\/strong>\u00a0es tu socio confiable en la distribuci\u00f3n de productos e insumos peruanos de la m\u00e1s alta calidad. Desde el sue\u00f1o que se convirti\u00f3 en un inicio como una peque\u00f1a distribuidora familiar, hemos crecido gracias a la confianza y el apoyo de nuestros valiosos clientes en<strong> Maryland, Virginia y Washington D.C<\/strong>. Nos enorgullece ser reconocidos como empresarios serios y confiables, comprometidos con ofrecer productos que cumplen con los m\u00e1s altos est\u00e1ndares de calidad y un servicio personalizado.<\/p>\n<p>Hoy en d\u00eda, somos una distribuidora clave en la Costa Este de Estados Unidos, llevando los sabores y productos \u00fanicos de Per\u00fa a supermercados y restaurantes destacados. Nuestra pasi\u00f3n por la excelencia y la dedicaci\u00f3n a nuestros clientes nos han impulsado a expandir nuestras operaciones, y pronto estaremos presentes en m\u00e1s estados, llevando la misma calidad que nos ha caracterizado desde el inicio de nuestra empresa.[\/vc_column_text][vc_empty_space height=&#8221;45px&#8221;][vc_column_text css=&#8221;&#8221;]<\/p>\n<p style=\"text-align: left; color: #151515; font-weight: 600; font-size: 28px; line-height: 32px;\">Expandiendo Nuestra Familia de Clientes Satisfechos<\/p>\n<p>[\/vc_column_text][vc_empty_space height=&#8221;30px&#8221;][vc_column_text css=&#8221;&#8221;]En <strong>Peruvian USA Distribution LLC<\/strong>, nuestro compromiso con la calidad y el servicio nos ha llevado a crecer m\u00e1s all\u00e1 de nuestras fronteras originales. Ahora, nos enorgullece atender a clientes satisfechos en <strong>New York, Connecticut y New Jersey<\/strong>, adem\u00e1s de nuestras \u00e1reas habituales en <strong>Maryland, Virginia y Washington D.C.<\/strong><\/p>\n<p>Este crecimiento refleja nuestra misi\u00f3n de llevar los mejores productos e insumos peruanos a m\u00e1s restaurantes y supermercados que conf\u00edan en nosotros para sus necesidades. Nos llena de alegr\u00eda saber que podemos compartir nuestra pasi\u00f3n y cultura con una comunidad cada vez m\u00e1s amplia, permiti\u00e9ndonos llevar los mejores productos peruanos a m\u00e1s clientes satisfechos.<\/p>\n<p>Seguiremos trabajando con dedicaci\u00f3n para garantizar que cada cliente reciba el servicio excepcional y la calidad que nos caracteriza.<\/p>\n<p>\u00a1Gracias por ser parte de este viaje![\/vc_column_text][\/vc_column][vc_column width=&#8221;1\/2&#8243; css=&#8221;.vc_custom_1605685529227{padding-left: 75px !important;}&#8221; el_class=&#8221;ab2-right&#8221;][vc_column_text css=&#8221;&#8221;]<\/p>\n<p style=\"text-align: right;\"><img decoding=\"async\" class=\"alignnone wp-image-8199 size-full\" src=\"http:\/\/peruvianusadistribution.com\/wp-content\/uploads\/2025\/01\/logo-qsomos-gris.png\" alt=\"\" width=\"984\" height=\"890\" \/><\/p>\n<p>[\/vc_column_text][\/vc_column][\/vc_row][vc_row full_width=&#8221;stretch_row&#8221; css=&#8221;.vc_custom_1625055160465{margin-right: 20px !important;margin-bottom: 20px !important;margin-left: 20px !important;padding-top: 20px !important;padding-bottom: 30px !important;}&#8221; el_class=&#8221;client-mobile&#8221;][vc_column][vc_custom_heading text=&#8221;Nuestros Socios Confiables&#8221; font_container=&#8221;tag:h2|font_size:35|text_align:center|color:%23222222|line_height:41px&#8221; use_theme_fonts=&#8221;yes&#8221; css=&#8221;&#8221;][\/vc_column][\/vc_row][vc_row full_width=&#8221;stretch_row&#8221; css_animation=&#8221;none&#8221; css=&#8221;.vc_custom_1625568800229{margin-right: 20px !important;margin-bottom: 0px !important;margin-left: 20px !important;padding-top: 0px !important;padding-bottom: 90px !important;}&#8221; el_class=&#8221;client-mobile&#8221;][vc_column el_class=&#8221;clientss-carousel&#8221; offset=&#8221;vc_hidden-sm vc_hidden-xs&#8221;][vc_raw_html css=&#8221;&#8221;]JTVCbG9nb2Nhcm91c2VsJTIwaWQlM0QlMjIxNzY2NCUyMiU1RA==[\/vc_raw_html][\/vc_column][\/vc_row]<\/p>\n<\/div>","protected":false},"excerpt":{"rendered":"<p>[vc_row full_width=&#8221;stretch_row&#8221; css=&#8221;.vc_custom_1624871681598{margin-bottom: 0px !important;padding-top: 150px !important;padding-bottom: 140px !important;background-image: url(http:\/\/peruvianusadistribution.com\/wp-content\/uploads\/2021\/06\/Angro-about.jpg?id=8192) !important;background-position: center !important;background-repeat: no-repeat !important;background-size: cover !important;}&#8221; el_class=&#8221;slider_about&#8221;][vc_column][vc_empty_space height=&#8221;30px&#8221;][vc_row_inner][vc_column_inner width=&#8221;1\/6&#8243;][\/vc_column_inner][vc_column_inner el_class=&#8221;bg-button&#8221; width=&#8221;2\/3&#8243;][vc_column_text css=&#8221;&#8221;] Peruvian USA Distribution [\/vc_column_text][vc_empty_space height=&#8221;20px&#8221;][vc_column_text css=&#8221;&#8221;] Sabor, tradici\u00f3n y manos peruanas llevando lo mejor del Per\u00fa a nuestros clientes. [\/vc_column_text][\/vc_column_inner][vc_column_inner width=&#8221;1\/6&#8243;][\/vc_column_inner][\/vc_row_inner][\/vc_column][\/vc_row][vc_row css=&#8221;.vc_custom_1625642082469{margin-top: 50px !important;margin-bottom: 45px !important;}&#8221;][vc_column width=&#8221;1\/2&#8243;][vc_empty_space height=&#8221;35px&#8221;][vc_column_text css=&#8221;&#8221;] Acerca de nosotros [&hellip;]<\/p>\n","protected":false},"author":3,"featured_media":0,"parent":0,"menu_order":0,"comment_status":"closed","ping_status":"closed","template":"","meta":{"footnotes":""},"class_list":["post-18047","page","type-page","status-publish","hentry"],"_links":{"self":[{"href":"https:\/\/peruvianusadistribution.com\/en\/wp-json\/wp\/v2\/pages\/18047","targetHints":{"allow":["GET"]}}],"collection":[{"href":"https:\/\/peruvianusadistribution.com\/en\/wp-json\/wp\/v2\/pages"}],"about":[{"href":"https:\/\/peruvianusadistribution.com\/en\/wp-json\/wp\/v2\/types\/page"}],"author":[{"embeddable":true,"href":"https:\/\/peruvianusadistribution.com\/en\/wp-json\/wp\/v2\/users\/3"}],"replies":[{"embeddable":true,"href":"https:\/\/peruvianusadistribution.com\/en\/wp-json\/wp\/v2\/comments?post=18047"}],"version-history":[{"count":11,"href":"https:\/\/peruvianusadistribution.com\/en\/wp-json\/wp\/v2\/pages\/18047\/revisions"}],"predecessor-version":[{"id":19898,"href":"https:\/\/peruvianusadistribution.com\/en\/wp-json\/wp\/v2\/pages\/18047\/revisions\/19898"}],"wp:attachment":[{"href":"https:\/\/peruvianusadistribution.com\/en\/wp-json\/wp\/v2\/media?parent=18047"}],"curies":[{"name":"wp","href":"https:\/\/api.w.org\/{rel}","templated":true}]}}